{"id":797,"date":"2023-08-02T13:08:57","date_gmt":"2023-08-02T13:08:57","guid":{"rendered":"https:\/\/zupanservos.com.br\/site\/?page_id=797"},"modified":"2023-08-02T19:02:37","modified_gmt":"2023-08-02T19:02:37","slug":"feiras-e-eventos","status":"publish","type":"page","link":"https:\/\/zupanservos.com.br\/site\/feiras-e-eventos\/","title":{"rendered":"Feiras e Eventos"},"content":{"rendered":"<div class=\"wpb-content-wrapper\"><p>[vc_row css_animation=&#8221;&#8221; row_type=&#8221;row&#8221; use_row_as_full_screen_section=&#8221;no&#8221; type=&#8221;grid&#8221; angled_section=&#8221;no&#8221; text_align=&#8221;left&#8221; background_image_as_pattern=&#8221;without_pattern&#8221; css=&#8221;.vc_custom_1690982861577{padding-top: 50px !important;}&#8221; z_index=&#8221;&#8221;][vc_column][vc_column_text]<\/p>\n<h1>Feiras e Eventos<\/h1>\n<p>Fique por dentro das novidades e da participa\u00e7\u00e3o da Zupan em Feiras e Eventos<br \/>\n[\/vc_column_text][vc_empty_space height=&#8221;52px&#8221;][\/vc_column][\/vc_row][vc_row css_animation=&#8221;&#8221; row_type=&#8221;row&#8221; use_row_as_full_screen_section=&#8221;no&#8221; type=&#8221;grid&#8221; angled_section=&#8221;no&#8221; text_align=&#8221;left&#8221; background_image_as_pattern=&#8221;without_pattern&#8221; z_index=&#8221;&#8221;][vc_column]<div class='q_masonry_blog'><div class=\"q_masonry_blog_grid_sizer\"><\/div><div class=\"q_masonry_blog_grid_gutter\"><\/div><article  class='post-1267 post type-post status-publish format-standard has-post-thumbnail hentry category-feiras category-uncategorized '><div class=\"q_masonry_blog_post_image\"><a itemprop=\"url\" href=\"https:\/\/zupanservos.com.br\/site\/2025\/02\/27\/cliente-bhm-de-belo-horizonte\/\" target=\"_self\"><img decoding=\"async\" itemprop=\"image\" src=\"https:\/\/zupanservos.com.br\/site\/wp-content\/uploads\/2025\/02\/WhatsApp-Image-2025-02-25-at-17.10.51.remini-enhanced-scaled.jpg\" \/><\/a><\/div><div class=\"q_masonry_blog_post_text\"><h5 itemprop=\"name\" class=\"q_masonry_blog_title entry_title\"><a itemprop=\"url\" href=\"https:\/\/zupanservos.com.br\/site\/2025\/02\/27\/cliente-bhm-de-belo-horizonte\/\">Cliente BHM de Belo Horizonte.<\/a><\/h5><p itemprop=\"description\" class=\"q_masonry_blog_excerpt\">Marcamos presen\u00e7a na BHM de Belo Horizonte para realizar um treinamento t\u00e9cnico sobre os Servos Zupan. Foi uma experi\u00eancia valiosa para ampliar o conhecimento e refor\u00e7ar ainda mais nossa conex\u00e3o com o cliente que atua na linha de frente do setor de autope\u00e7as. Agradecemos a......<\/p><div class=\"q_masonry_blog_post_info\"><\/div><\/div><\/article><article  class='post-1251 post type-post status-publish format-standard has-post-thumbnail hentry category-feiras category-uncategorized '><div class=\"q_masonry_blog_post_image\"><a itemprop=\"url\" href=\"https:\/\/zupanservos.com.br\/site\/2024\/11\/11\/palestra-tecnica-apail-diesel-belo-horizonte-mg\/\" target=\"_self\"><img decoding=\"async\" itemprop=\"image\" src=\"https:\/\/zupanservos.com.br\/site\/wp-content\/uploads\/2024\/11\/Imagem-do-WhatsApp-de-2024-11-01-as-09.28.47_370eaf1d.jpg\" \/><\/a><\/div><div class=\"q_masonry_blog_post_text\"><h5 itemprop=\"name\" class=\"q_masonry_blog_title entry_title\"><a itemprop=\"url\" href=\"https:\/\/zupanservos.com.br\/site\/2024\/11\/11\/palestra-tecnica-apail-diesel-belo-horizonte-mg\/\">Palestra T\u00e9cnica -Apail Diesel\/Belo Horizonte-MG<\/a><\/h5><p itemprop=\"description\" class=\"q_masonry_blog_excerpt\">Na Apail Diesel, em Belo Horizonte \u2013 MG, tivemos o prazer de realizar um treinamento t\u00e9cnico exclusivo sobre os Servos Zupan. Foi uma oportunidade valiosa de troca de conhecimento, refor\u00e7ando nossa parceria e oferecendo insights pr\u00e1ticos para quem atua no setor de autope\u00e7as. Agradecemos \u00e0......<\/p><div class=\"q_masonry_blog_post_info\"><\/div><\/div><\/article><article  class='post-1242 post type-post status-publish format-standard has-post-thumbnail hentry category-feiras category-uncategorized '><div class=\"q_masonry_blog_post_image\"><a itemprop=\"url\" href=\"https:\/\/zupanservos.com.br\/site\/2024\/11\/11\/palestra-tecnica-forte-pecas-contagem-mg\/\" target=\"_self\"><img decoding=\"async\" itemprop=\"image\" src=\"https:\/\/zupanservos.com.br\/site\/wp-content\/uploads\/2024\/11\/Imagem-do-WhatsApp-de-2024-11-01-as-09.25.40_a1bc639a.jpg\" \/><\/a><\/div><div class=\"q_masonry_blog_post_text\"><h5 itemprop=\"name\" class=\"q_masonry_blog_title entry_title\"><a itemprop=\"url\" href=\"https:\/\/zupanservos.com.br\/site\/2024\/11\/11\/palestra-tecnica-forte-pecas-contagem-mg\/\">Palestra T\u00e9cnica &#8211; Forte Pe\u00e7as\/Contagem-MG<\/a><\/h5><p itemprop=\"description\" class=\"q_masonry_blog_excerpt\">Estivemos na Forte Pe\u00e7as, em Contagem \u2013 MG, para realizar um treinamento t\u00e9cnico aprofundado sobre os Servos Zupan. Foi um momento importante para fortalecer nossa parceria e compartilhar conhecimentos com uma equipe dedicada ao mercado de autope\u00e7as. Agradecemos \u00e0 Forte Pe\u00e7as pela recep\u00e7\u00e3o e confian\u00e7a......<\/p><div class=\"q_masonry_blog_post_info\"><\/div><\/div><\/article><article  class='post-1237 post type-post status-publish format-standard has-post-thumbnail hentry category-feiras category-uncategorized '><div class=\"q_masonry_blog_post_image\"><a itemprop=\"url\" href=\"https:\/\/zupanservos.com.br\/site\/2024\/11\/11\/palestra-tecnica-scherer-sao-jose-dos-pinhais-pr\/\" target=\"_self\"><img decoding=\"async\" itemprop=\"image\" src=\"https:\/\/zupanservos.com.br\/site\/wp-content\/uploads\/2024\/11\/Imagem-do-WhatsApp-de-2024-11-01-as-09.24.50_bb3c499a.jpg\" \/><\/a><\/div><div class=\"q_masonry_blog_post_text\"><h5 itemprop=\"name\" class=\"q_masonry_blog_title entry_title\"><a itemprop=\"url\" href=\"https:\/\/zupanservos.com.br\/site\/2024\/11\/11\/palestra-tecnica-scherer-sao-jose-dos-pinhais-pr\/\">Palestra T\u00e9cnica &#8211; Scherer\/S\u00e3o Jos\u00e9 dos Pinhais-PR<\/a><\/h5><p itemprop=\"description\" class=\"q_masonry_blog_excerpt\">Estivemos na unidade da Scherer em S\u00e3o Jos\u00e9 dos Pinhais \u2013 PR, para conduzir um treinamento t\u00e9cnico especializado nos Servos Zupan. Foi uma oportunidade enriquecedora para aprofundar conhecimentos e fortalecer ainda mais nosso relacionamento com a equipe que atua diretamente no mercado de autope\u00e7as. Nossos......<\/p><div class=\"q_masonry_blog_post_info\"><\/div><\/div><\/article><article  class='post-1225 post type-post status-publish format-standard has-post-thumbnail hentry category-feiras '><div class=\"q_masonry_blog_post_image\"><a itemprop=\"url\" href=\"https:\/\/zupanservos.com.br\/site\/2024\/11\/11\/palestra-tecnica-scherer-ponta-grossa\/\" target=\"_self\"><img decoding=\"async\" itemprop=\"image\" src=\"https:\/\/zupanservos.com.br\/site\/wp-content\/uploads\/2024\/11\/Imagem-do-WhatsApp-de-2024-11-11-as-10.57.57_3d6b8bb7.jpg\" \/><\/a><\/div><div class=\"q_masonry_blog_post_text\"><h5 itemprop=\"name\" class=\"q_masonry_blog_title entry_title\"><a itemprop=\"url\" href=\"https:\/\/zupanservos.com.br\/site\/2024\/11\/11\/palestra-tecnica-scherer-ponta-grossa\/\">Palestra T\u00e9cnica &#8211; Scherer\/Ponta Grossa<\/a><\/h5><p itemprop=\"description\" class=\"q_masonry_blog_excerpt\">Aplicamos um treinamento t\u00e9cnico na Scherer, em Ponta Grossa \u2013 PR, para compartilhar nosso conhecimento sobre os Servos Zupan. Esses encontros s\u00e3o essenciais para fortalecer nossas parcerias e garantir que nossos produtos estejam sempre bem aplicados no mercado de autope\u00e7as. Agradecemos \u00e0 Scherer pela receptividade......<\/p><div class=\"q_masonry_blog_post_info\"><\/div><\/div><\/article><article  class='post-1203 post type-post status-publish format-standard has-post-thumbnail hentry category-feiras category-uncategorized '><div class=\"q_masonry_blog_post_image\"><a itemprop=\"url\" href=\"https:\/\/zupanservos.com.br\/site\/2024\/11\/11\/treinamento-zupan-cliente-disauto-lages-sc\/\" target=\"_self\"><img decoding=\"async\" itemprop=\"image\" src=\"https:\/\/zupanservos.com.br\/site\/wp-content\/uploads\/2024\/11\/IMG-20241101-WA0080.png\" \/><\/a><\/div><div class=\"q_masonry_blog_post_text\"><h5 itemprop=\"name\" class=\"q_masonry_blog_title entry_title\"><a itemprop=\"url\" href=\"https:\/\/zupanservos.com.br\/site\/2024\/11\/11\/treinamento-zupan-cliente-disauto-lages-sc\/\">Palestra T\u00e9cnica &#8211; Disauto\/Lages-SC<\/a><\/h5><p itemprop=\"description\" class=\"q_masonry_blog_excerpt\">Estivemos na Disauto, em Lages \u2013 SC, para realizar um treinamento t\u00e9cnico sobre os Servos Zupan. Essa troca de conhecimento \u00e9 fundamental para estreitarmos nossa parceria e garantir que nossa equipe e nossos parceiros estejam alinhados na miss\u00e3o de oferecer o melhor ao mercado de......<\/p><div class=\"q_masonry_blog_post_info\"><\/div><\/div><\/article><article  class='post-1149 post type-post status-publish format-standard has-post-thumbnail hentry category-feiras category-uncategorized '><div class=\"q_masonry_blog_post_image\"><a itemprop=\"url\" href=\"https:\/\/zupanservos.com.br\/site\/2024\/05\/28\/autopar-2024\/\" target=\"_self\"><img decoding=\"async\" itemprop=\"image\" src=\"https:\/\/zupanservos.com.br\/site\/wp-content\/uploads\/2024\/05\/10.jpg\" \/><\/a><\/div><div class=\"q_masonry_blog_post_text\"><h5 itemprop=\"name\" class=\"q_masonry_blog_title entry_title\"><a itemprop=\"url\" href=\"https:\/\/zupanservos.com.br\/site\/2024\/05\/28\/autopar-2024\/\">Zupan na Autopar 2024<\/a><\/h5><p itemprop=\"description\" class=\"q_masonry_blog_excerpt\">Nossa gratid\u00e3o a todos que tornaram a Autopar 2024 inesquec\u00edvel para n\u00f3s, desde os nossos colaboradores, as equipes que estiveram com a gente na organiza\u00e7\u00e3o, montagem do stand, buffet, entre outros. Foi demais! Agradecemos tamb\u00e9m aos nossos clientes, amigos e parceiros que marcaram presen\u00e7a e......<\/p><div class=\"q_masonry_blog_post_info\"><\/div><\/div><\/article><article  class='post-1125 post type-post status-publish format-standard has-post-thumbnail hentry category-feiras '><div class=\"q_masonry_blog_post_image\"><a itemprop=\"url\" href=\"https:\/\/zupanservos.com.br\/site\/2024\/05\/07\/associacao-dos-reparadores-automotivos-do-alto-do-itajai-arvavi\/\" target=\"_self\"><img decoding=\"async\" itemprop=\"image\" src=\"https:\/\/zupanservos.com.br\/site\/wp-content\/uploads\/2024\/05\/WhatsApp-Image-2024-05-06-at-11.10.27.jpeg\" \/><\/a><\/div><div class=\"q_masonry_blog_post_text\"><h5 itemprop=\"name\" class=\"q_masonry_blog_title entry_title\"><a itemprop=\"url\" href=\"https:\/\/zupanservos.com.br\/site\/2024\/05\/07\/associacao-dos-reparadores-automotivos-do-alto-do-itajai-arvavi\/\">Associa\u00e7\u00e3o dos Reparadores Automotivos do Alto do Itaja\u00ed (ARVAVI)<\/a><\/h5><p itemprop=\"description\" class=\"q_masonry_blog_excerpt\">Estivemos na Associa\u00e7\u00e3o dos Reparadores Automotivos do Alto do Itaja\u00ed (ARVAVI). Uma experi\u00eancia muito importante que tivemos para o crescimento da nossa empresa e passar para nossos parceiros as funcionalidades dos nossos produtos! Agradecemos a confian\u00e7a e a parceria! &nbsp;...<\/p><div class=\"q_masonry_blog_post_info\"><\/div><\/div><\/article><article  class='post-557 post type-post status-publish format-standard has-post-thumbnail hentry category-feiras '><div class=\"q_masonry_blog_post_image\"><a itemprop=\"url\" href=\"https:\/\/zupanservos.com.br\/site\/2023\/03\/28\/automec2023\/\" target=\"_self\"><img decoding=\"async\" itemprop=\"image\" src=\"https:\/\/zupanservos.com.br\/site\/wp-content\/uploads\/2023\/03\/10_Easy-Resize.com_.jpg\" \/><\/a><\/div><div class=\"q_masonry_blog_post_text\"><h5 itemprop=\"name\" class=\"q_masonry_blog_title entry_title\"><a itemprop=\"url\" href=\"https:\/\/zupanservos.com.br\/site\/2023\/03\/28\/automec2023\/\">Confira os momentos da Zupan na Automec 2023<\/a><\/h5><p itemprop=\"description\" class=\"q_masonry_blog_excerpt\">Em abril realizamos a\u00a0 nossa primeira participa\u00e7\u00e3o na AUTOMEC. Foram meses de planejamento para garantir que tudo fosse pensado nos m\u00ednimos detalhes, para receber nossos clientes, parceiros e futuros clientes.\u00a0Foi uma grande oportunidade para refor\u00e7ar a presen\u00e7a da nossa marca e garantir que nossos produtos......<\/p><div class=\"q_masonry_blog_post_info\"><\/div><\/div><\/article><article  class='post-998 post type-post status-publish format-standard has-post-thumbnail hentry category-feiras '><div class=\"q_masonry_blog_post_image\"><a itemprop=\"url\" href=\"https:\/\/zupanservos.com.br\/site\/2022\/11\/17\/998\/\" target=\"_self\"><img decoding=\"async\" itemprop=\"image\" src=\"https:\/\/zupanservos.com.br\/site\/wp-content\/uploads\/2023\/08\/A.jpg\" \/><\/a><\/div><div class=\"q_masonry_blog_post_text\"><h5 itemprop=\"name\" class=\"q_masonry_blog_title entry_title\"><a itemprop=\"url\" href=\"https:\/\/zupanservos.com.br\/site\/2022\/11\/17\/998\/\">Palestra T\u00e9cnica &#8211; Visari Distribuidora<\/a><\/h5><p itemprop=\"description\" class=\"q_masonry_blog_excerpt\">Estivemos na Visari Distribuidora, em V\u00e1rzea Grande &#8211; MT para um bate papo sobre os Servos Zupan. Esses encontros s\u00e3o importantes para nos aproximarmos de nossos parceiros que s\u00e3o a linha de frente no dia a dia nesse mercado de autope\u00e7as. Agradecemos a Compe\u00e7as Multimarca......<\/p><div class=\"q_masonry_blog_post_info\"><\/div><\/div><\/article><article  class='post-987 post type-post status-publish format-standard has-post-thumbnail hentry category-feiras '><div class=\"q_masonry_blog_post_image\"><a itemprop=\"url\" href=\"https:\/\/zupanservos.com.br\/site\/2022\/11\/10\/palestra-tecnica-auto-pecas-padre-cicero\/\" target=\"_self\"><img decoding=\"async\" itemprop=\"image\" src=\"https:\/\/zupanservos.com.br\/site\/wp-content\/uploads\/2023\/08\/04.jpg\" \/><\/a><\/div><div class=\"q_masonry_blog_post_text\"><h5 itemprop=\"name\" class=\"q_masonry_blog_title entry_title\"><a itemprop=\"url\" href=\"https:\/\/zupanservos.com.br\/site\/2022\/11\/10\/palestra-tecnica-auto-pecas-padre-cicero\/\">Palestra T\u00e9cnica &#8211; Auto Pe\u00e7as Padre C\u00edcero<\/a><\/h5><p itemprop=\"description\" class=\"q_masonry_blog_excerpt\">Realizamos uma palestra t\u00e9cnica na Auto Pe\u00e7as Padre C\u00edcero, onde conversamos sobre as caracter\u00edsticas t\u00e9cnicas, aplica\u00e7\u00e3o e os benef\u00edcios dos Servos Zupan, que v\u00e3o muito al\u00e9m de um pedal de embreagem mais leve. Aproveitamos para agradecer a todos que compareceram e contribu\u00edram para esse dia....<\/p><div class=\"q_masonry_blog_post_info\"><\/div><\/div><\/article><article  class='post-978 post type-post status-publish format-standard has-post-thumbnail hentry category-feiras '><div class=\"q_masonry_blog_post_image\"><a itemprop=\"url\" href=\"https:\/\/zupanservos.com.br\/site\/2022\/08\/24\/palestra-vannucci\/\" target=\"_self\"><img decoding=\"async\" itemprop=\"image\" src=\"https:\/\/zupanservos.com.br\/site\/wp-content\/uploads\/2022\/08\/Vannucci-24-08-2022.jpg\" \/><\/a><\/div><div class=\"q_masonry_blog_post_text\"><h5 itemprop=\"name\" class=\"q_masonry_blog_title entry_title\"><a itemprop=\"url\" href=\"https:\/\/zupanservos.com.br\/site\/2022\/08\/24\/palestra-vannucci\/\">Palestra T\u00e9cnica &#8211; Grupo Vannucci<\/a><\/h5><p itemprop=\"description\" class=\"q_masonry_blog_excerpt\">Estivemos no Grupo Vannucci, com uma palestra seguida por um coffee brake. Tivemos a oportunidade de falar sobre a Zupan, caracter\u00edsticas t\u00e9cnicas dos nossos servos e seus benef\u00edcios, que v\u00e3o muito al\u00e9m de um pedal de embreagem mais leve. Obrigado pela parceria! &nbsp;...<\/p><div class=\"q_masonry_blog_post_info\"><\/div><\/div><\/article><\/div>[\/vc_column][\/vc_row]<\/p>\n<\/div>","protected":false},"excerpt":{"rendered":"<p>[vc_row css_animation=&#8221;&#8221; row_type=&#8221;row&#8221; use_row_as_full_screen_section=&#8221;no&#8221; type=&#8221;grid&#8221; angled_section=&#8221;no&#8221; text_align=&#8221;left&#8221; background_image_as_pattern=&#8221;without_pattern&#8221; css=&#8221;.vc_custom_1690982861577{padding-top: 50px !important;}&#8221; z_index=&#8221;&#8221;][vc_column][vc_column_text] Feiras e Eventos Fique por dentro das novidades e da participa\u00e7\u00e3o da Zupan em Feiras e Eventos [\/vc_column_text][vc_empty_space height=&#8221;52px&#8221;][\/vc_column][\/vc_row][vc_row css_animation=&#8221;&#8221; row_type=&#8221;row&#8221; use_row_as_full_screen_section=&#8221;no&#8221; type=&#8221;grid&#8221; angled_section=&#8221;no&#8221; text_align=&#8221;left&#8221; background_image_as_pattern=&#8221;without_pattern&#8221; z_index=&#8221;&#8221;][vc_column][\/vc_column][\/vc_row]<\/p>\n","protected":false},"author":1,"featured_media":0,"parent":0,"menu_order":0,"comment_status":"closed","ping_status":"closed","template":"full_width.php","meta":{"footnotes":""},"class_list":["post-797","page","type-page","status-publish","hentry"],"_links":{"self":[{"href":"https:\/\/zupanservos.com.br\/site\/wp-json\/wp\/v2\/pages\/797","targetHints":{"allow":["GET"]}}],"collection":[{"href":"https:\/\/zupanservos.com.br\/site\/wp-json\/wp\/v2\/pages"}],"about":[{"href":"https:\/\/zupanservos.com.br\/site\/wp-json\/wp\/v2\/types\/page"}],"author":[{"embeddable":true,"href":"https:\/\/zupanservos.com.br\/site\/wp-json\/wp\/v2\/users\/1"}],"replies":[{"embeddable":true,"href":"https:\/\/zupanservos.com.br\/site\/wp-json\/wp\/v2\/comments?post=797"}],"version-history":[{"count":19,"href":"https:\/\/zupanservos.com.br\/site\/wp-json\/wp\/v2\/pages\/797\/revisions"}],"predecessor-version":[{"id":1175,"href":"https:\/\/zupanservos.com.br\/site\/wp-json\/wp\/v2\/pages\/797\/revisions\/1175"}],"wp:attachment":[{"href":"https:\/\/zupanservos.com.br\/site\/wp-json\/wp\/v2\/media?parent=797"}],"curies":[{"name":"wp","href":"https:\/\/api.w.org\/{rel}","templated":true}]}}