{"id":641,"date":"2023-04-17T18:51:34","date_gmt":"2023-04-17T18:51:34","guid":{"rendered":"https:\/\/zupanservos.com.br\/site\/?page_id=641"},"modified":"2024-05-17T21:02:08","modified_gmt":"2024-05-17T21:02:08","slug":"manuais-de-instalacao","status":"publish","type":"page","link":"https:\/\/zupanservos.com.br\/site\/manuais-de-instalacao\/","title":{"rendered":"Manuais de Instala\u00e7\u00e3o"},"content":{"rendered":"<div class=\"wpb-content-wrapper\"><p>[vc_row css_animation=&#8221;&#8221; row_type=&#8221;row&#8221; use_row_as_full_screen_section=&#8221;no&#8221; type=&#8221;full_width&#8221; angled_section=&#8221;no&#8221; text_align=&#8221;left&#8221; background_image_as_pattern=&#8221;without_pattern&#8221;][vc_column][vc_empty_space height=&#8221;92px&#8221;][\/vc_column][\/vc_row][vc_row css_animation=&#8221;&#8221; row_type=&#8221;row&#8221; use_row_as_full_screen_section=&#8221;no&#8221; type=&#8221;grid&#8221; angled_section=&#8221;no&#8221; text_align=&#8221;left&#8221; background_image_as_pattern=&#8221;without_pattern&#8221; z_index=&#8221;&#8221; css=&#8221;.vc_custom_1681928091297{background-color: #f4f4f4 !important;}&#8221;][vc_column width=&#8221;1\/3&#8243;][vc_column_text]<img loading=\"lazy\" decoding=\"async\" class=\"alignnone size-full wp-image-732\" src=\"https:\/\/zupanservos.com.br\/site\/wp-content\/uploads\/2023\/04\/zupan-labs.png\" alt=\"\" width=\"300\" height=\"150\" \/>[\/vc_column_text][vc_column_text]Zupan Lab \u00e9 uma iniciativa que busca capacitar aplicadores e vendedores sobre os nossos Servos de Embreagem, oferecendo conte\u00fado de alta qualidade, como v\u00eddeos de instala\u00e7\u00e3o, repara\u00e7\u00e3o e manuais t\u00e9cnicos, para garantir aos nossos clientes e parceiros, todo o suporte necess\u00e1rio.[\/vc_column_text][\/vc_column][vc_column width=&#8221;2\/3&#8243;][vc_empty_space][vc_column_text]<\/p>\n<h2>Manuais de Instala\u00e7\u00e3o<\/h2>\n<p>[\/vc_column_text][vc_empty_space]<div class=\"qode-accordion-holder clearfix qode-accordion qode-initial \">\n\t<h4 class=\"clearfix qode-title-holder\">\n<span class=\"qode-tab-title\">\n\t    <span class=\"qode-tab-title-inner\">\n        Manual de Instala\u00e7\u00e3o 1 \u2013 Ford Cargo e Volkswagen    <\/span>\n<\/span>\n<span class=\"qode-accordion-mark\">\n    <span class=\"qode-accordion-mark-icon\">\n        <span class=\"icon_plus\"><\/span>\n        <span class=\"icon_minus-06\"><\/span>\n    <\/span>\n<\/span>\n<\/h4>\n<div  class=\"qode-accordion-content \" >\n    <div class=\"qode-accordion-content-inner\">\n        [vc_column_text]<\/p>\n<h3><a href=\"https:\/\/zupanservos.com.br\/site\/wp-content\/uploads\/2024\/05\/Ford-e-VW.pdf\">&gt; Abrir Manual<\/a><\/h3>\n<p>[\/vc_column_text]    <\/div>\n<\/div><h4 class=\"clearfix qode-title-holder\">\n<span class=\"qode-tab-title\">\n\t    <span class=\"qode-tab-title-inner\">\n        Manual de Instala\u00e7\u00e3o 2 \u2013 Volkswagen 8.150 Motor MWM (Mec\u00e2nicos e Eletr\u00f4nicos)    <\/span>\n<\/span>\n<span class=\"qode-accordion-mark\">\n    <span class=\"qode-accordion-mark-icon\">\n        <span class=\"icon_plus\"><\/span>\n        <span class=\"icon_minus-06\"><\/span>\n    <\/span>\n<\/span>\n<\/h4>\n<div  class=\"qode-accordion-content \" >\n    <div class=\"qode-accordion-content-inner\">\n        [vc_column_text]<\/p>\n<h3><a href=\"https:\/\/zupanservos.com.br\/site\/wp-content\/uploads\/2024\/05\/VW.pdf\" target=\"_blank\" rel=\"noopener\">&gt; Abrir Manual<\/a><\/h3>\n<p>[\/vc_column_text]    <\/div>\n<\/div><h4 class=\"clearfix qode-title-holder\">\n<span class=\"qode-tab-title\">\n\t    <span class=\"qode-tab-title-inner\">\n        Manual de Instala\u00e7\u00e3o 3 \u2013 Agrale    <\/span>\n<\/span>\n<span class=\"qode-accordion-mark\">\n    <span class=\"qode-accordion-mark-icon\">\n        <span class=\"icon_plus\"><\/span>\n        <span class=\"icon_minus-06\"><\/span>\n    <\/span>\n<\/span>\n<\/h4>\n<div  class=\"qode-accordion-content \" >\n    <div class=\"qode-accordion-content-inner\">\n        [vc_column_text]<\/p>\n<h3><a href=\"https:\/\/zupanservos.com.br\/site\/wp-content\/uploads\/2024\/05\/Agrale.pdf\" target=\"_blank\" rel=\"noopener\">&gt; Abrir Manual<\/a><\/h3>\n<p>[\/vc_column_text]    <\/div>\n<\/div><h4 class=\"clearfix qode-title-holder\">\n<span class=\"qode-tab-title\">\n\t    <span class=\"qode-tab-title-inner\">\n        Manual de Instala\u00e7\u00e3o 4 \u2013 Mercedes-Benz (Bicudos)    <\/span>\n<\/span>\n<span class=\"qode-accordion-mark\">\n    <span class=\"qode-accordion-mark-icon\">\n        <span class=\"icon_plus\"><\/span>\n        <span class=\"icon_minus-06\"><\/span>\n    <\/span>\n<\/span>\n<\/h4>\n<div  class=\"qode-accordion-content \" >\n    <div class=\"qode-accordion-content-inner\">\n        [vc_column_text]<\/p>\n<h3><a href=\"https:\/\/zupanservos.com.br\/site\/wp-content\/uploads\/2024\/05\/Mercedes-Bicudos.pdf\" target=\"_blank\" rel=\"noopener\">&gt; Abrir Manual<\/a><\/h3>\n<p>[\/vc_column_text]    <\/div>\n<\/div><h4 class=\"clearfix qode-title-holder\">\n<span class=\"qode-tab-title\">\n\t    <span class=\"qode-tab-title-inner\">\n        Manual de Instala\u00e7\u00e3o 5 \u2013 Mercedes-Benz (Mercedinha e Micro\u00f4nibus)    <\/span>\n<\/span>\n<span class=\"qode-accordion-mark\">\n    <span class=\"qode-accordion-mark-icon\">\n        <span class=\"icon_plus\"><\/span>\n        <span class=\"icon_minus-06\"><\/span>\n    <\/span>\n<\/span>\n<\/h4>\n<div  class=\"qode-accordion-content \" >\n    <div class=\"qode-accordion-content-inner\">\n        [vc_column_text]<\/p>\n<h3><a href=\"https:\/\/zupanservos.com.br\/site\/wp-content\/uploads\/2024\/05\/Mercedes-leves.pdf\" target=\"_blank\" rel=\"noopener\">&gt; Abrir Manual<\/a><\/h3>\n<p>[\/vc_column_text]    <\/div>\n<\/div><h4 class=\"clearfix qode-title-holder\">\n<span class=\"qode-tab-title\">\n\t    <span class=\"qode-tab-title-inner\">\n        Manual de Instala\u00e7\u00e3o 6 \u2013 Mercedes-Benz (Cara preta)    <\/span>\n<\/span>\n<span class=\"qode-accordion-mark\">\n    <span class=\"qode-accordion-mark-icon\">\n        <span class=\"icon_plus\"><\/span>\n        <span class=\"icon_minus-06\"><\/span>\n    <\/span>\n<\/span>\n<\/h4>\n<div  class=\"qode-accordion-content \" >\n    <div class=\"qode-accordion-content-inner\">\n        [vc_column_text]<\/p>\n<h3><a href=\"https:\/\/zupanservos.com.br\/site\/wp-content\/uploads\/2024\/05\/Mercedes-cara-preta.pdf\" target=\"_blank\" rel=\"noopener\">&gt; Abrir Manual<\/a><\/h3>\n<p>[\/vc_column_text]    <\/div>\n<\/div><h4 class=\"clearfix qode-title-holder\">\n<span class=\"qode-tab-title\">\n\t    <span class=\"qode-tab-title-inner\">\n        Manual de Instala\u00e7\u00e3o 7 \u2013 Ford Cargo 816 e 1119    <\/span>\n<\/span>\n<span class=\"qode-accordion-mark\">\n    <span class=\"qode-accordion-mark-icon\">\n        <span class=\"icon_plus\"><\/span>\n        <span class=\"icon_minus-06\"><\/span>\n    <\/span>\n<\/span>\n<\/h4>\n<div  class=\"qode-accordion-content \" >\n    <div class=\"qode-accordion-content-inner\">\n        [vc_column_text]<\/p>\n<h3><a href=\"https:\/\/zupanservos.com.br\/site\/wp-content\/uploads\/2024\/05\/Ford-Cargo-816-e-1119.pdf\" target=\"_blank\" rel=\"noopener\">&gt; Abrir Manual<\/a><\/h3>\n<p>[\/vc_column_text]    <\/div>\n<\/div><h4 class=\"clearfix qode-title-holder\">\n<span class=\"qode-tab-title\">\n\t    <span class=\"qode-tab-title-inner\">\n        Manual de Instala\u00e7\u00e3o 8 \u2013 Ford Cargo 815e    <\/span>\n<\/span>\n<span class=\"qode-accordion-mark\">\n    <span class=\"qode-accordion-mark-icon\">\n        <span class=\"icon_plus\"><\/span>\n        <span class=\"icon_minus-06\"><\/span>\n    <\/span>\n<\/span>\n<\/h4>\n<div  class=\"qode-accordion-content \" >\n    <div class=\"qode-accordion-content-inner\">\n        [vc_column_text]<\/p>\n<h3><a href=\"https:\/\/zupanservos.com.br\/site\/wp-content\/uploads\/2024\/05\/Ford-Cargo-815e.pdf\" target=\"_blank\" rel=\"noopener\">&gt; Abrir Manual<\/a><\/h3>\n<p>[\/vc_column_text]    <\/div>\n<\/div><h4 class=\"clearfix qode-title-holder\">\n<span class=\"qode-tab-title\">\n\t    <span class=\"qode-tab-title-inner\">\n        Manual de Instala\u00e7\u00e3o 9 \u2013 Volkswagen 8.150 e 9.150 (Motor Cummins)    <\/span>\n<\/span>\n<span class=\"qode-accordion-mark\">\n    <span class=\"qode-accordion-mark-icon\">\n        <span class=\"icon_plus\"><\/span>\n        <span class=\"icon_minus-06\"><\/span>\n    <\/span>\n<\/span>\n<\/h4>\n<div  class=\"qode-accordion-content \" >\n    <div class=\"qode-accordion-content-inner\">\n        [vc_column_text]<\/p>\n<h3><a href=\"https:\/\/zupanservos.com.br\/site\/wp-content\/uploads\/2024\/05\/VW-leve-cummins.pdf\" target=\"_blank\" rel=\"noopener\">&gt; Abrir Manual<\/a><\/h3>\n<p>[\/vc_column_text]    <\/div>\n<\/div><h4 class=\"clearfix qode-title-holder\">\n<span class=\"qode-tab-title\">\n\t    <span class=\"qode-tab-title-inner\">\n        Manual de Instala\u00e7\u00e3o 10 \u2013 Novo Ford Cargo (1319 \u2013 1519 \u2013 1719)    <\/span>\n<\/span>\n<span class=\"qode-accordion-mark\">\n    <span class=\"qode-accordion-mark-icon\">\n        <span class=\"icon_plus\"><\/span>\n        <span class=\"icon_minus-06\"><\/span>\n    <\/span>\n<\/span>\n<\/h4>\n<div  class=\"qode-accordion-content \" >\n    <div class=\"qode-accordion-content-inner\">\n        [vc_column_text]<\/p>\n<h3><a href=\"https:\/\/zupanservos.com.br\/site\/wp-content\/uploads\/2024\/05\/Ford-Cargo-Cabine-nova.pdf\" target=\"_blank\" rel=\"noopener\">&gt; Abrir Manual<\/a><\/h3>\n<p>[\/vc_column_text]    <\/div>\n<\/div><\/div>[vc_empty_space height=&#8221;52px&#8221;][\/vc_column][\/vc_row]<\/p>\n<\/div>","protected":false},"excerpt":{"rendered":"<p>[vc_row css_animation=&#8221;&#8221; row_type=&#8221;row&#8221; use_row_as_full_screen_section=&#8221;no&#8221; type=&#8221;full_width&#8221; angled_section=&#8221;no&#8221; text_align=&#8221;left&#8221; background_image_as_pattern=&#8221;without_pattern&#8221;][vc_column][vc_empty_space height=&#8221;92px&#8221;][\/vc_column][\/vc_row][vc_row css_animation=&#8221;&#8221; row_type=&#8221;row&#8221; use_row_as_full_screen_section=&#8221;no&#8221; type=&#8221;grid&#8221; angled_section=&#8221;no&#8221; text_align=&#8221;left&#8221; background_image_as_pattern=&#8221;without_pattern&#8221; z_index=&#8221;&#8221; css=&#8221;.vc_custom_1681928091297{background-color: #f4f4f4 !important;}&#8221;][vc_column width=&#8221;1\/3&#8243;][vc_column_text][\/vc_column_text][vc_column_text]Zupan Lab \u00e9 uma iniciativa que busca capacitar aplicadores e vendedores sobre os nossos Servos de Embreagem, oferecendo conte\u00fado de alta qualidade, como v\u00eddeos de&#8230;<\/p>\n","protected":false},"author":1,"featured_media":0,"parent":0,"menu_order":0,"comment_status":"closed","ping_status":"closed","template":"full_width.php","meta":{"footnotes":""},"class_list":["post-641","page","type-page","status-publish","hentry"],"_links":{"self":[{"href":"https:\/\/zupanservos.com.br\/site\/wp-json\/wp\/v2\/pages\/641","targetHints":{"allow":["GET"]}}],"collection":[{"href":"https:\/\/zupanservos.com.br\/site\/wp-json\/wp\/v2\/pages"}],"about":[{"href":"https:\/\/zupanservos.com.br\/site\/wp-json\/wp\/v2\/types\/page"}],"author":[{"embeddable":true,"href":"https:\/\/zupanservos.com.br\/site\/wp-json\/wp\/v2\/users\/1"}],"replies":[{"embeddable":true,"href":"https:\/\/zupanservos.com.br\/site\/wp-json\/wp\/v2\/comments?post=641"}],"version-history":[{"count":9,"href":"https:\/\/zupanservos.com.br\/site\/wp-json\/wp\/v2\/pages\/641\/revisions"}],"predecessor-version":[{"id":1147,"href":"https:\/\/zupanservos.com.br\/site\/wp-json\/wp\/v2\/pages\/641\/revisions\/1147"}],"wp:attachment":[{"href":"https:\/\/zupanservos.com.br\/site\/wp-json\/wp\/v2\/media?parent=641"}],"curies":[{"name":"wp","href":"https:\/\/api.w.org\/{rel}","templated":true}]}}