{"id":637,"date":"2023-04-17T18:51:04","date_gmt":"2023-04-17T18:51:04","guid":{"rendered":"https:\/\/zupanservos.com.br\/site\/?page_id=637"},"modified":"2023-04-19T18:32:48","modified_gmt":"2023-04-19T18:32:48","slug":"videos-de-instalacao","status":"publish","type":"page","link":"https:\/\/zupanservos.com.br\/site\/videos-de-instalacao\/","title":{"rendered":"V\u00eddeos de Instala\u00e7\u00e3o"},"content":{"rendered":"<div class=\"wpb-content-wrapper\"><p>[vc_row css_animation=&#8221;&#8221; row_type=&#8221;row&#8221; use_row_as_full_screen_section=&#8221;no&#8221; type=&#8221;full_width&#8221; angled_section=&#8221;no&#8221; text_align=&#8221;left&#8221; background_image_as_pattern=&#8221;without_pattern&#8221;][vc_column][vc_empty_space height=&#8221;92px&#8221;][\/vc_column][\/vc_row][vc_row css_animation=&#8221;&#8221; row_type=&#8221;row&#8221; use_row_as_full_screen_section=&#8221;no&#8221; type=&#8221;grid&#8221; angled_section=&#8221;no&#8221; text_align=&#8221;left&#8221; background_image_as_pattern=&#8221;without_pattern&#8221; z_index=&#8221;&#8221; css=&#8221;.vc_custom_1681927257740{background-color: #f4f4f4 !important;}&#8221;][vc_column width=&#8221;1\/3&#8243;][vc_column_text]<img loading=\"lazy\" decoding=\"async\" class=\"alignnone size-full wp-image-732\" src=\"https:\/\/zupanservos.com.br\/site\/wp-content\/uploads\/2023\/04\/zupan-labs.png\" alt=\"\" width=\"300\" height=\"150\" \/>[\/vc_column_text][vc_column_text]Zupan Lab \u00e9 uma iniciativa que busca capacitar aplicadores e vendedores sobre os nossos Servos de Embreagem, oferecendo conte\u00fado de alta qualidade, como v\u00eddeos de instala\u00e7\u00e3o, repara\u00e7\u00e3o e manuais t\u00e9cnicos, para garantir aos nossos clientes e parceiros, todo o suporte necess\u00e1rio.[\/vc_column_text][vc_empty_space height=&#8221;52px&#8221;][\/vc_column][vc_column width=&#8221;2\/3&#8243;][vc_empty_space][vc_column_text]<\/p>\n<h2>V\u00eddeos de Instala\u00e7\u00e3o<\/h2>\n<p>[\/vc_column_text][vc_empty_space]<div class=\"qode-accordion-holder clearfix qode-accordion qode-initial \">\n\t<h4 class=\"clearfix qode-title-holder\">\n<span class=\"qode-tab-title\">\n\t    <span class=\"qode-tab-title-inner\">\n        Como Instalar o Servo Zupan SPM 63    <\/span>\n<\/span>\n<span class=\"qode-accordion-mark\">\n    <span class=\"qode-accordion-mark-icon\">\n        <span class=\"icon_plus\"><\/span>\n        <span class=\"icon_minus-06\"><\/span>\n    <\/span>\n<\/span>\n<\/h4>\n<div  class=\"qode-accordion-content \" >\n    <div class=\"qode-accordion-content-inner\">\n        [vc_video link=&#8221;https:\/\/www.youtube.com\/watch?v=RgRvebmG_1k&#8221;]    <\/div>\n<\/div><h4 class=\"clearfix qode-title-holder\">\n<span class=\"qode-tab-title\">\n\t    <span class=\"qode-tab-title-inner\">\n        Como Instalar o Servo Zupan SPF 63 - Ford Cargo    <\/span>\n<\/span>\n<span class=\"qode-accordion-mark\">\n    <span class=\"qode-accordion-mark-icon\">\n        <span class=\"icon_plus\"><\/span>\n        <span class=\"icon_minus-06\"><\/span>\n    <\/span>\n<\/span>\n<\/h4>\n<div  class=\"qode-accordion-content \" >\n    <div class=\"qode-accordion-content-inner\">\n        [vc_video link=&#8221;https:\/\/www.youtube.com\/watch?v=SgYjbiyCuuA&#8221;]    <\/div>\n<\/div><h4 class=\"clearfix qode-title-holder\">\n<span class=\"qode-tab-title\">\n\t    <span class=\"qode-tab-title-inner\">\n        Como Instalar o Servo Zupan SAF 55 - Ford Cargo 816    <\/span>\n<\/span>\n<span class=\"qode-accordion-mark\">\n    <span class=\"qode-accordion-mark-icon\">\n        <span class=\"icon_plus\"><\/span>\n        <span class=\"icon_minus-06\"><\/span>\n    <\/span>\n<\/span>\n<\/h4>\n<div  class=\"qode-accordion-content \" >\n    <div class=\"qode-accordion-content-inner\">\n        [vc_video link=&#8221;https:\/\/www.youtube.com\/watch?v=jpcM7bvj-b0&amp;t=298s&#8221;]    <\/div>\n<\/div><\/div>[vc_empty_space height=&#8221;52px&#8221;][\/vc_column][\/vc_row]<\/p>\n<\/div>","protected":false},"excerpt":{"rendered":"<p>[vc_row css_animation=&#8221;&#8221; row_type=&#8221;row&#8221; use_row_as_full_screen_section=&#8221;no&#8221; type=&#8221;full_width&#8221; angled_section=&#8221;no&#8221; text_align=&#8221;left&#8221; background_image_as_pattern=&#8221;without_pattern&#8221;][vc_column][vc_empty_space height=&#8221;92px&#8221;][\/vc_column][\/vc_row][vc_row css_animation=&#8221;&#8221; row_type=&#8221;row&#8221; use_row_as_full_screen_section=&#8221;no&#8221; type=&#8221;grid&#8221; angled_section=&#8221;no&#8221; text_align=&#8221;left&#8221; background_image_as_pattern=&#8221;without_pattern&#8221; z_index=&#8221;&#8221; css=&#8221;.vc_custom_1681927257740{background-color: #f4f4f4 !important;}&#8221;][vc_column width=&#8221;1\/3&#8243;][vc_column_text][\/vc_column_text][vc_column_text]Zupan Lab \u00e9 uma iniciativa que busca capacitar aplicadores e vendedores sobre os nossos Servos de Embreagem, oferecendo conte\u00fado de alta qualidade, como v\u00eddeos de&#8230;<\/p>\n","protected":false},"author":1,"featured_media":0,"parent":0,"menu_order":0,"comment_status":"closed","ping_status":"closed","template":"full_width.php","meta":{"footnotes":""},"class_list":["post-637","page","type-page","status-publish","hentry"],"_links":{"self":[{"href":"https:\/\/zupanservos.com.br\/site\/wp-json\/wp\/v2\/pages\/637","targetHints":{"allow":["GET"]}}],"collection":[{"href":"https:\/\/zupanservos.com.br\/site\/wp-json\/wp\/v2\/pages"}],"about":[{"href":"https:\/\/zupanservos.com.br\/site\/wp-json\/wp\/v2\/types\/page"}],"author":[{"embeddable":true,"href":"https:\/\/zupanservos.com.br\/site\/wp-json\/wp\/v2\/users\/1"}],"replies":[{"embeddable":true,"href":"https:\/\/zupanservos.com.br\/site\/wp-json\/wp\/v2\/comments?post=637"}],"version-history":[{"count":7,"href":"https:\/\/zupanservos.com.br\/site\/wp-json\/wp\/v2\/pages\/637\/revisions"}],"predecessor-version":[{"id":744,"href":"https:\/\/zupanservos.com.br\/site\/wp-json\/wp\/v2\/pages\/637\/revisions\/744"}],"wp:attachment":[{"href":"https:\/\/zupanservos.com.br\/site\/wp-json\/wp\/v2\/media?parent=637"}],"curies":[{"name":"wp","href":"https:\/\/api.w.org\/{rel}","templated":true}]}}