{"id":375,"date":"2023-03-24T14:17:04","date_gmt":"2023-03-24T14:17:04","guid":{"rendered":"https:\/\/zupanservos.com.br\/site\/?page_id=375"},"modified":"2023-07-04T00:52:40","modified_gmt":"2023-07-04T00:52:40","slug":"empresa","status":"publish","type":"page","link":"https:\/\/zupanservos.com.br\/site\/empresa\/","title":{"rendered":"Empresa"},"content":{"rendered":"<div class=\"wpb-content-wrapper\"><p>[vc_row css_animation=&#8221;&#8221; row_type=&#8221;row&#8221; use_row_as_full_screen_section=&#8221;no&#8221; type=&#8221;grid&#8221; angled_section=&#8221;no&#8221; text_align=&#8221;left&#8221; background_image_as_pattern=&#8221;without_pattern&#8221; css=&#8221;.vc_custom_1679966289115{background: #ffffff url(https:\/\/zupanservos.com.br\/site\/wp-content\/uploads\/2018\/04\/home-parallax-2.jpg?id=34) !important;}&#8221; z_index=&#8221;&#8221;][vc_column width=&#8221;1\/3&#8243;][vc_empty_space height=&#8221;52px&#8221;][vc_single_image image=&#8221;772&#8243; img_size=&#8221;full&#8221; qode_css_animation=&#8221;&#8221;][\/vc_column][vc_column width=&#8221;2\/3&#8243;][vc_empty_space height=&#8221;43px&#8221;][vc_column_text]<\/p>\n<h2><span style=\"color: #114094;\">Conhe\u00e7a a <strong>Zupan<\/strong><\/span><\/h2>\n<p>[\/vc_column_text][vc_empty_space height=&#8221;33px&#8221;][vc_column_text]Nascemos com uma proposta inovadora, dando continuidade \u00e0 tradi\u00e7\u00e3o da fam\u00edlia Zupan na ind\u00fastria mec\u00e2nica. Produzimos Servos de Embreagem, com tecnologia patenteada, e trabalhamos todos os dias com o objetivo de proporcionar conforto, bom desempenho e economia aos motoristas da linha pesada.<\/p>\n<p>&nbsp;<\/p>\n<p>Presentes em todas as regi\u00f5es do Brasil e alguns pa\u00edses da Am\u00e9rica do Sul e \u00c1frica, nos tornamos refer\u00eancia no desenvolvimento de projetos para ve\u00edculos que n\u00e3o v\u00eam com servo de embreagem instalado de f\u00e1brica e tamb\u00e9m no segmento de aftermarket. Seja bem vindo a Zupan e conhe\u00e7a nossas solu\u00e7\u00f5es para o seu caminh\u00e3o ou frota.<\/p>\n<p>&nbsp;<\/p>\n<p>Fundada pelo Eng. Zvonimir Zupan no munic\u00edpio de S\u00e3o Jos\u00e9\/SC em novembro de 1983, a Zupan sempre teve seu foco na inova\u00e7\u00e3o. Seguindo o legado da fam\u00edlia de origem eslovena, que dedicava-se \u00e0 metalurgia desde o in\u00edcio do s\u00e9culo XX, a Zupan iniciou suas atividades fabricando bombas e motobombas para uso industrial, agr\u00edcola e combate a inc\u00eandio. Em poucos anos a empresa cresceu e passou a fabricar tamb\u00e9m viaturas de combate a inc\u00eandio, popularmente chamados caminh\u00f5es de Bombeiro.<\/p>\n<p>&nbsp;<\/p>\n<p>No final da d\u00e9cada de 90, observando a embreagem pesada de uma das viaturas que estavam na f\u00e1brica, Zvonimir\u00a0notou uma oportunidade de mercado, e passou a desenvolver um dispositivo pneum\u00e1tico para aliviar o peso da embreagem dos caminh\u00f5es.<\/p>\n<p>&nbsp;<\/p>\n<p>A partir de 1998, ap\u00f3s a patente de um novo sistema hidropneum\u00e1tico, a empresa mudou seu foco para a fabrica\u00e7\u00e3o de servos de embreagem e desde ent\u00e3o investimos diariamente no aperfei\u00e7oamento do nosso sistema e no desenvolvimento de novos materiais.<\/p>\n<p>&nbsp;<\/p>\n<p>Nossos servos de embreagem est\u00e3o distribu\u00eddos por todos os Estados brasileiros e alguns pa\u00edses da Am\u00e9rica Latina e \u00c1frica, proporcionando\u00a0uma viagem mais\u00a0leve para os condutores, prevenindo problemas de sa\u00fade e aumentando a vida \u00fatil dos conjuntos de embreagem.<\/p>\n<p>&nbsp;<\/p>\n<p>Temos orgulho da nossa trajet\u00f3ria durante esses 40 anos e muita motiva\u00e7\u00e3o e esperan\u00e7a em al\u00e7armos v\u00f4os ainda maiores.[\/vc_column_text][vc_empty_space height=&#8221;52px&#8221;][\/vc_column][\/vc_row][vc_row css_animation=&#8221;&#8221; row_type=&#8221;row&#8221; use_row_as_full_screen_section=&#8221;no&#8221; type=&#8221;grid&#8221; header_style=&#8221;dark&#8221; angled_section=&#8221;no&#8221; text_align=&#8221;left&#8221; background_image_as_pattern=&#8221;without_pattern&#8221; css=&#8221;.vc_custom_1681857699663{padding-top: 40px !important;padding-bottom: 90px !important;background-color: #114094 !important;}&#8221; z_index=&#8221;&#8221;][vc_column width=&#8221;1\/3&#8243;][vc_column_text]<\/p>\n<h2 style=\"text-align: left;\"><span style=\"color: #ffffff;\">Miss\u00e3o<\/span><\/h2>\n<p>[\/vc_column_text][vc_separator type=&#8221;small&#8221; position=&#8221;left&#8221; color=&#8221;#114094&#8243; thickness=&#8221;5&#8243; width=&#8221;50&#8243;][vc_column_text]<span style=\"color: #ffffff;\">Desenvolver novas tecnologias e produtos de qualidade para o setor automotivo pesado.<\/span>[\/vc_column_text][\/vc_column][vc_column width=&#8221;1\/3&#8243;][vc_column_text]<\/p>\n<h2 style=\"text-align: left;\"><span style=\"color: #ffffff;\">Vis\u00e3o<\/span><\/h2>\n<p>[\/vc_column_text][vc_separator type=&#8221;small&#8221; position=&#8221;left&#8221; color=&#8221;#114094&#8243; thickness=&#8221;5&#8243; width=&#8221;50&#8243;][vc_column_text]<\/p>\n<p style=\"text-align: left;\"><span style=\"color: #ffffff;\">Ser reconhecida pela qualidade na fabrica\u00e7\u00e3o de pe\u00e7as e de\u00a0 seriedade no trato com clientes e fornecedores<\/span><\/p>\n<p>[\/vc_column_text][\/vc_column][vc_column width=&#8221;1\/3&#8243;][vc_column_text]<\/p>\n<h2 style=\"text-align: left;\"><span style=\"color: #ffffff;\">Valores<\/span><\/h2>\n<p>[\/vc_column_text][vc_separator type=&#8221;small&#8221; position=&#8221;left&#8221; color=&#8221;#114094&#8243; thickness=&#8221;5&#8243; width=&#8221;50&#8243;][vc_column_text]<span style=\"color: #ffffff;\"><strong>\u00c9tica<\/strong> nas rela\u00e7\u00f5es com colaboradores, clientes e fornecedores; <strong>Qualidade<\/strong> nos produtos e no desempenho das atividades di\u00e1rias; <strong>Pontualidade<\/strong> no envio de produtos e na resolu\u00e7\u00e3o de problemas; <strong>Responsabilidade Social<\/strong> no desenvolvimento de compet\u00eancias e habilidades; <strong>Inova\u00e7\u00e3o e Tecnologia<\/strong> para criar sempre novas solu\u00e7\u00f5es.<\/span>[\/vc_column_text][\/vc_column][\/vc_row]<\/p>\n<\/div>","protected":false},"excerpt":{"rendered":"<p>[vc_row css_animation=&#8221;&#8221; row_type=&#8221;row&#8221; use_row_as_full_screen_section=&#8221;no&#8221; type=&#8221;grid&#8221; angled_section=&#8221;no&#8221; text_align=&#8221;left&#8221; background_image_as_pattern=&#8221;without_pattern&#8221; css=&#8221;.vc_custom_1679966289115{background: #ffffff url(https:\/\/zupanservos.com.br\/site\/wp-content\/uploads\/2018\/04\/home-parallax-2.jpg?id=34) !important;}&#8221; z_index=&#8221;&#8221;][vc_column width=&#8221;1\/3&#8243;][vc_empty_space height=&#8221;52px&#8221;][vc_single_image image=&#8221;772&#8243; img_size=&#8221;full&#8221; qode_css_animation=&#8221;&#8221;][\/vc_column][vc_column width=&#8221;2\/3&#8243;][vc_empty_space height=&#8221;43px&#8221;][vc_column_text] Conhe\u00e7a a Zupan [\/vc_column_text][vc_empty_space height=&#8221;33px&#8221;][vc_column_text]Nascemos com uma proposta inovadora, dando continuidade \u00e0 tradi\u00e7\u00e3o da fam\u00edlia Zupan na ind\u00fastria mec\u00e2nica. Produzimos Servos de Embreagem, com tecnologia&#8230;<\/p>\n","protected":false},"author":1,"featured_media":0,"parent":0,"menu_order":0,"comment_status":"closed","ping_status":"closed","template":"full_width.php","meta":{"footnotes":""},"class_list":["post-375","page","type-page","status-publish","hentry"],"_links":{"self":[{"href":"https:\/\/zupanservos.com.br\/site\/wp-json\/wp\/v2\/pages\/375","targetHints":{"allow":["GET"]}}],"collection":[{"href":"https:\/\/zupanservos.com.br\/site\/wp-json\/wp\/v2\/pages"}],"about":[{"href":"https:\/\/zupanservos.com.br\/site\/wp-json\/wp\/v2\/types\/page"}],"author":[{"embeddable":true,"href":"https:\/\/zupanservos.com.br\/site\/wp-json\/wp\/v2\/users\/1"}],"replies":[{"embeddable":true,"href":"https:\/\/zupanservos.com.br\/site\/wp-json\/wp\/v2\/comments?post=375"}],"version-history":[{"count":26,"href":"https:\/\/zupanservos.com.br\/site\/wp-json\/wp\/v2\/pages\/375\/revisions"}],"predecessor-version":[{"id":776,"href":"https:\/\/zupanservos.com.br\/site\/wp-json\/wp\/v2\/pages\/375\/revisions\/776"}],"wp:attachment":[{"href":"https:\/\/zupanservos.com.br\/site\/wp-json\/wp\/v2\/media?parent=375"}],"curies":[{"name":"wp","href":"https:\/\/api.w.org\/{rel}","templated":true}]}}