{"id":377,"date":"2016-03-30T14:40:02","date_gmt":"2016-03-30T14:40:02","guid":{"rendered":"http:\/\/bridge16.qodeinteractive.com\/?page_id=377"},"modified":"2019-03-21T21:11:58","modified_gmt":"2019-03-21T21:11:58","slug":"azupan","status":"publish","type":"page","link":"https:\/\/zupanservos.com.br\/distribuidora\/azupan\/","title":{"rendered":"A ZUPAN"},"content":{"rendered":"<p>[vc_row css_animation=&#8221;&#8221; row_type=&#8221;row&#8221; use_row_as_full_screen_section=&#8221;no&#8221; type=&#8221;grid&#8221; angled_section=&#8221;no&#8221; text_align=&#8221;left&#8221; background_image_as_pattern=&#8221;without_pattern&#8221; css=&#8221;.vc_custom_1459416489671{padding-top: 91px !important;padding-bottom: 50px !important;}&#8221;][vc_column width=&#8221;1\/4&#8243; offset=&#8221;vc_col-lg-6 vc_col-md-6&#8243;][vc_column_text]Localizada na \u00c1rea Industrial de S\u00e3o Jos\u00e9 \/SC, durante seus 27 anos de exist\u00eancia, a Zupan sempre teve seu foco no desenvolvimento de novas tecnologias visando o m\u00e1ximo desempenho e confiabilidade dos produtos.<\/p>\n<p>&nbsp;<\/p>\n<p>Na ocasi\u00e3o de sua funda\u00e7\u00e3o, seu ramo de atividade era a produ\u00e7\u00e3o de bombas, motobombas e viaturas de combate a inc\u00eandio, seguindo a tradi\u00e7\u00e3o da fam\u00edlia Zupan na fabrica\u00e7\u00e3o de bombas de combate a inc\u00eandio na Europa, ainda no come\u00e7o do s\u00e9culo passado.<\/p>\n<p>&nbsp;<\/p>\n<p class=\"&quot;MsoNormal&quot;\">A partir de 1995, ap\u00f3s a patente de um novo sistema hidropneum\u00e1tico, a empresa mudou seu foco para a fabrica\u00e7\u00e3o de servos de embreagem.<\/p>\n<p>&nbsp;<\/p>\n<p class=\"&quot;MsoNormal&quot;\">Desde ent\u00e3o, a empresa investe diariamente no aperfei\u00e7oamento n\u00e3o s\u00f3 de seu exclusivo sistema, mas tamb\u00e9m dos materiais que comp\u00f5em seus produtos, todos eles aprovados ap\u00f3s serem largamente testados em condi\u00e7\u00f5es extremas.<\/p>\n<p>[\/vc_column_text][\/vc_column][vc_column width=&#8221;3\/4&#8243; offset=&#8221;vc_col-lg-6 vc_col-md-6&#8243;][vc_column_text]<\/p>\n<p class=\"&quot;MsoNormal&quot;\">No ano de 2007, inovando como sempre, lan\u00e7amos no mercado o primeiro servo instalado na pedaleira dos caminh\u00f5es Mercedes-Benz com cabine tradicional e linha leve.<\/p>\n<p>&nbsp;<\/p>\n<p class=\"&quot;MsoNormal&quot;\">Hoje em dia os servos Zupan podem ser encontrados nas principais concession\u00e1rias, distribuidores e auto pe\u00e7as de todas as regi\u00f5es do pa\u00eds, inclusive fornecendo para a linha de montagem da Agrale S\/A e grandes frotistas.<\/p>\n<p>&nbsp;<\/p>\n<p class=\"&quot;MsoNormal&quot;\"><span class=\"&quot;Apple-style-span&quot;\">Por estes motivos, temos orgulho de encontrar por onde passamos, a n\u00edvel nacional, uma imagem s\u00f3lida, de produtos de qualidade e respeito aos clientes.<\/span><\/p>\n<p>[\/vc_column_text][\/vc_column][\/vc_row]<\/p>\n","protected":false},"excerpt":{"rendered":"<p>[vc_row css_animation=&#8221;&#8221; row_type=&#8221;row&#8221; use_row_as_full_screen_section=&#8221;no&#8221; type=&#8221;grid&#8221; angled_section=&#8221;no&#8221; text_align=&#8221;left&#8221; background_image_as_pattern=&#8221;without_pattern&#8221; css=&#8221;.vc_custom_1459416489671{padding-top: 91px !important;padding-bottom: 50px !important;}&#8221;][vc_column width=&#8221;1\/4&#8243; offset=&#8221;vc_col-lg-6 vc_col-md-6&#8243;][vc_column_text]Localizada na \u00c1rea Industrial de S\u00e3o Jos\u00e9 \/SC, durante seus 27 anos de exist\u00eancia, a Zupan sempre teve seu foco no desenvolvimento de novas tecnologias visando o m\u00e1ximo desempenho e&#8230;<\/p>\n","protected":false},"author":1,"featured_media":0,"parent":0,"menu_order":0,"comment_status":"closed","ping_status":"closed","template":"full_width.php","meta":{"footnotes":""},"_links":{"self":[{"href":"https:\/\/zupanservos.com.br\/distribuidora\/wp-json\/wp\/v2\/pages\/377"}],"collection":[{"href":"https:\/\/zupanservos.com.br\/distribuidora\/wp-json\/wp\/v2\/pages"}],"about":[{"href":"https:\/\/zupanservos.com.br\/distribuidora\/wp-json\/wp\/v2\/types\/page"}],"author":[{"embeddable":true,"href":"https:\/\/zupanservos.com.br\/distribuidora\/wp-json\/wp\/v2\/users\/1"}],"replies":[{"embeddable":true,"href":"https:\/\/zupanservos.com.br\/distribuidora\/wp-json\/wp\/v2\/comments?post=377"}],"version-history":[{"count":7,"href":"https:\/\/zupanservos.com.br\/distribuidora\/wp-json\/wp\/v2\/pages\/377\/revisions"}],"predecessor-version":[{"id":467,"href":"https:\/\/zupanservos.com.br\/distribuidora\/wp-json\/wp\/v2\/pages\/377\/revisions\/467"}],"wp:attachment":[{"href":"https:\/\/zupanservos.com.br\/distribuidora\/wp-json\/wp\/v2\/media?parent=377"}],"curies":[{"name":"wp","href":"https:\/\/api.w.org\/{rel}","templated":true}]}}